{"id":103,"date":"2013-02-22T18:20:23","date_gmt":"2013-02-22T18:20:23","guid":{"rendered":"http:\/\/python.bretagne.iufm.fr\/enseigner-maths-dnl\/?page_id=103"},"modified":"2019-06-19T09:48:25","modified_gmt":"2019-06-19T09:48:25","slug":"times-up","status":"publish","type":"page","link":"http:\/\/enseigner-maths-dnl.espe-bretagne.fr\/?page_id=103","title":{"rendered":"Time&#8217;s up"},"content":{"rendered":"<table border=\"2\" cellspacing=\"0\" cellpadding=\"2\">\n<tbody>\n<tr>\n<td align=\"center\">Objectifs<\/td>\n<td>\n<ul>\n<li>R\u00e9ussir \u00e0 d\u00e9finir des mots anglais, s&#8217;exprimer en langue anglaise<\/li>\n<li>M\u00e9moriser du vocabulaire (\u00e0 la fin du jeu, les \u00e9l\u00e8ves connaissent les d\u00e9finitions et le sens de chaque mot)<\/li>\n<li>S&#8217;amuser. Le jeu est stimulant et tr\u00e8s dr\u00f4le.<\/li>\n<\/ul>\n<\/td>\n<\/tr>\n<tr>\n<td align=\"center\" width=\"25%\">Pr\u00e9-requis<\/td>\n<td>\n<ul>\n<li>Conna\u00eetre le vocabulaire \u00e9crit sur les cartes<\/li>\n<\/ul>\n<\/td>\n<\/tr>\n<tr>\n<td align=\"center\">Niveau(x)<\/td>\n<td>\n<ul>\n<li>Tout niveau, suivant le vocabulaire utilis\u00e9 sur les cartes<\/li>\n<\/ul>\n<\/td>\n<\/tr>\n<tr>\n<td align=\"center\">Dur\u00e9e<\/td>\n<td>\n<ul>\n<li>1 h (On peut raccourcir la dur\u00e9e du jeu en enlevant des cartes)<\/li>\n<\/ul>\n<\/td>\n<\/tr>\n<\/tbody>\n<\/table>\n<p><a href=\".\/wp-content\/uploads\/2013\/02\/TimeSUp-FicheDuJeu.pdf\">Fiche descriptive<\/a>&nbsp;<a href=\"http:\/\/python.espe-bretagne.fr\/enseigner-maths-dnl\/wp-content\/uploads\/2013\/02\/timesup.png\"><img loading=\"lazy\" decoding=\"async\" class=\"aligncenter size-full wp-image-574\" alt=\"timesup\" src=\"http:\/\/python.espe-bretagne.fr\/enseigner-maths-dnl\/wp-content\/uploads\/2013\/02\/timesup.png\" width=\"264\" height=\"147\"><\/a><\/p>\n<p><a href=\".\/wp-content\/uploads\/2013\/02\/TimesUp-RulesOfTheGame.pdf\">R\u00e8gle du jeu en anglais<\/a><\/p>\n<p><a href=\".\/wp-content\/uploads\/2013\/02\/TimesUp-RulesOfTheGame-shortVersion.pdf\">R\u00e8gle du jeu en anglais (version courte)<\/a><\/p>\n<p><a href=\".\/wp-content\/uploads\/2013\/02\/TimesUp-Cards.odt\">Un jeu de cartes sur des th\u00e8mes vari\u00e9s<\/a><\/p>\n<p><a href=\".\/wp-content\/uploads\/2013\/02\/Time_s_up_cards_stat_proba.odt\">Un jeu de cartes sur les proba-stat<\/a><\/p>\n","protected":false},"excerpt":{"rendered":"<p>Objectifs R\u00e9ussir \u00e0 d\u00e9finir des mots anglais, s&#8217;exprimer en langue anglaise M\u00e9moriser du vocabulaire (\u00e0 la fin du jeu, les \u00e9l\u00e8ves connaissent les d\u00e9finitions et le sens de chaque mot) S&#8217;amuser. Le jeu est stimulant et tr\u00e8s dr\u00f4le. Pr\u00e9-requis Conna\u00eetre le vocabulaire \u00e9crit sur les cartes Niveau(x) Tout niveau, suivant le vocabulaire utilis\u00e9 sur les &hellip; <\/p>\n<p class=\"link-more\"><a href=\"http:\/\/enseigner-maths-dnl.espe-bretagne.fr\/?page_id=103\" class=\"more-link\">Continue reading<span class=\"screen-reader-text\"> &#8220;Time&#8217;s up&#8221;<\/span><\/a><\/p>\n","protected":false},"author":3,"featured_media":0,"parent":44,"menu_order":0,"comment_status":"closed","ping_status":"open","template":"onecolumn-page.php","meta":{"footnotes":""},"class_list":["post-103","page","type-page","status-publish","hentry"],"_links":{"self":[{"href":"http:\/\/enseigner-maths-dnl.espe-bretagne.fr\/index.php?rest_route=\/wp\/v2\/pages\/103","targetHints":{"allow":["GET"]}}],"collection":[{"href":"http:\/\/enseigner-maths-dnl.espe-bretagne.fr\/index.php?rest_route=\/wp\/v2\/pages"}],"about":[{"href":"http:\/\/enseigner-maths-dnl.espe-bretagne.fr\/index.php?rest_route=\/wp\/v2\/types\/page"}],"author":[{"embeddable":true,"href":"http:\/\/enseigner-maths-dnl.espe-bretagne.fr\/index.php?rest_route=\/wp\/v2\/users\/3"}],"replies":[{"embeddable":true,"href":"http:\/\/enseigner-maths-dnl.espe-bretagne.fr\/index.php?rest_route=%2Fwp%2Fv2%2Fcomments&post=103"}],"version-history":[{"count":10,"href":"http:\/\/enseigner-maths-dnl.espe-bretagne.fr\/index.php?rest_route=\/wp\/v2\/pages\/103\/revisions"}],"predecessor-version":[{"id":805,"href":"http:\/\/enseigner-maths-dnl.espe-bretagne.fr\/index.php?rest_route=\/wp\/v2\/pages\/103\/revisions\/805"}],"up":[{"embeddable":true,"href":"http:\/\/enseigner-maths-dnl.espe-bretagne.fr\/index.php?rest_route=\/wp\/v2\/pages\/44"}],"wp:attachment":[{"href":"http:\/\/enseigner-maths-dnl.espe-bretagne.fr\/index.php?rest_route=%2Fwp%2Fv2%2Fmedia&parent=103"}],"curies":[{"name":"wp","href":"https:\/\/api.w.org\/{rel}","templated":true}]}}