{"id":109,"date":"2013-02-22T18:21:23","date_gmt":"2013-02-22T18:21:23","guid":{"rendered":"http:\/\/python.bretagne.iufm.fr\/enseigner-maths-dnl\/?page_id=109"},"modified":"2019-06-19T09:45:27","modified_gmt":"2019-06-19T09:45:27","slug":"bingo","status":"publish","type":"page","link":"https:\/\/enseigner-maths-dnl.espe-bretagne.fr\/?page_id=109","title":{"rendered":"Bingo"},"content":{"rendered":"<p>&nbsp;<\/p>\n<table width=\"100%\" border=\"1\" cellspacing=\"0\" cellpadding=\"4\">\n<colgroup>\n<col width=\"59*\">\n<col width=\"197*\"> <\/colgroup>\n<tbody>\n<tr valign=\"TOP\">\n<td width=\"23%\">Objectifs<\/td>\n<td width=\"77%\">R\u00e9utiliser les notions vues en classe concernant les param\u00e8tres d&#8217;une s\u00e9rie statistiques<\/td>\n<\/tr>\n<tr valign=\"TOP\">\n<td width=\"23%\">Pr\u00e9-requis<\/td>\n<td width=\"77%\">Mean, Mode, Median, Range<\/td>\n<\/tr>\n<tr valign=\"TOP\">\n<td width=\"23%\">Niveau(x)<\/td>\n<td width=\"77%\">\n<ul>\n<li>Seconde pour consolider et r\u00e9utiliser le vocabulaire<\/li>\n<li>Premi\u00e8re pour reprendre les notions<\/li>\n<\/ul>\n<\/td>\n<\/tr>\n<tr valign=\"TOP\">\n<td width=\"23%\">Dur\u00e9e<\/td>\n<td width=\"77%\">10\/15 minutes<\/td>\n<\/tr>\n<\/tbody>\n<\/table>\n<p><a href=\".\/wp-content\/uploads\/2013\/02\/Average-Bingo.pdf\">Fiche descriptive<\/a><br \/>\n<a href=\".\/wp-content\/uploads\/2013\/02\/Average_Bingo.odp\">Diaporama<\/a><\/p>\n<p>&nbsp;<\/p>\n","protected":false},"excerpt":{"rendered":"<p>&nbsp; Objectifs R\u00e9utiliser les notions vues en classe concernant les param\u00e8tres d&#8217;une s\u00e9rie statistiques Pr\u00e9-requis Mean, Mode, Median, Range Niveau(x) Seconde pour consolider et r\u00e9utiliser le vocabulaire Premi\u00e8re pour reprendre les notions Dur\u00e9e 10\/15 minutes Fiche descriptive Diaporama &nbsp;<\/p>\n","protected":false},"author":3,"featured_media":0,"parent":44,"menu_order":0,"comment_status":"closed","ping_status":"open","template":"onecolumn-page.php","meta":{"footnotes":""},"class_list":["post-109","page","type-page","status-publish","hentry"],"_links":{"self":[{"href":"https:\/\/enseigner-maths-dnl.espe-bretagne.fr\/index.php?rest_route=\/wp\/v2\/pages\/109","targetHints":{"allow":["GET"]}}],"collection":[{"href":"https:\/\/enseigner-maths-dnl.espe-bretagne.fr\/index.php?rest_route=\/wp\/v2\/pages"}],"about":[{"href":"https:\/\/enseigner-maths-dnl.espe-bretagne.fr\/index.php?rest_route=\/wp\/v2\/types\/page"}],"author":[{"embeddable":true,"href":"https:\/\/enseigner-maths-dnl.espe-bretagne.fr\/index.php?rest_route=\/wp\/v2\/users\/3"}],"replies":[{"embeddable":true,"href":"https:\/\/enseigner-maths-dnl.espe-bretagne.fr\/index.php?rest_route=%2Fwp%2Fv2%2Fcomments&post=109"}],"version-history":[{"count":10,"href":"https:\/\/enseigner-maths-dnl.espe-bretagne.fr\/index.php?rest_route=\/wp\/v2\/pages\/109\/revisions"}],"predecessor-version":[{"id":800,"href":"https:\/\/enseigner-maths-dnl.espe-bretagne.fr\/index.php?rest_route=\/wp\/v2\/pages\/109\/revisions\/800"}],"up":[{"embeddable":true,"href":"https:\/\/enseigner-maths-dnl.espe-bretagne.fr\/index.php?rest_route=\/wp\/v2\/pages\/44"}],"wp:attachment":[{"href":"https:\/\/enseigner-maths-dnl.espe-bretagne.fr\/index.php?rest_route=%2Fwp%2Fv2%2Fmedia&parent=109"}],"curies":[{"name":"wp","href":"https:\/\/api.w.org\/{rel}","templated":true}]}}