{"id":119,"date":"2013-02-22T18:23:05","date_gmt":"2013-02-22T18:23:05","guid":{"rendered":"http:\/\/python.bretagne.iufm.fr\/enseigner-maths-dnl\/?page_id=119"},"modified":"2019-06-19T09:44:55","modified_gmt":"2019-06-19T09:44:55","slug":"snakes-and-ladders","status":"publish","type":"page","link":"https:\/\/enseigner-maths-dnl.espe-bretagne.fr\/?page_id=119","title":{"rendered":"Snakes and ladders"},"content":{"rendered":"<table border=\"2\" cellspacing=\"0\" cellpadding=\"2\">\n<tbody>\n<tr>\n<td align=\"center\">Objectifs<\/td>\n<td>\n<ul>\n<li>R\u00e9pondre rapidement \u00e0 des questions faciles<\/li>\n<\/ul>\n<\/td>\n<\/tr>\n<tr>\n<td align=\"center\">Pr\u00e9-requis<\/td>\n<td>\n<ul>\n<li>Fonction du questionnaire choisi<\/li>\n<\/ul>\n<\/td>\n<\/tr>\n<tr>\n<td align=\"center\">Niveau(x)<\/td>\n<td>\n<ul>\n<li>Tout niveau<\/li>\n<\/ul>\n<\/td>\n<\/tr>\n<tr>\n<td align=\"center\">Dur\u00e9e<\/td>\n<td>\n<ul>\n<li>3\/4 h \u00e0 1 h<\/li>\n<\/ul>\n<\/td>\n<\/tr>\n<\/tbody>\n<\/table>\n<p><a href=\".\/wp-content\/uploads\/2013\/02\/Fich_snakes_and_ladders-.pdf\">Fiche descriptive<\/a><\/p>\n<p><a href=\".\/wp-content\/uploads\/2013\/02\/Snakes_and_ladders_rules.odt\">R\u00e8gle du jeu en anglais<\/a><\/p>\n<ul>\n<li>Un questionnaire sur les <a href=\"http:\/\/python.espe-bretagne.fr\/enseigner-maths-dnl\/wp-content\/uploads\/2013\/02\/Questions_on_derivatives-revu.odt\">d\u00e9riv\u00e9es<\/a><\/li>\n<li>Un diaporama sur&nbsp;<a href=\".\/wp-content\/uploads\/2013\/02\/snakes_and_ladders.odp\">plusieurs th\u00e8mes<\/a><\/li>\n<li>Le tableau de jeu en&nbsp;<a href=\".\/wp-content\/uploads\/2013\/02\/Board_game25_squares.pdf\">5 x 6<\/a>,&nbsp;<a href=\".\/wp-content\/uploads\/2013\/02\/Board_game64_squares.pdf\">8 x 8<\/a>&nbsp;ou&nbsp;<a href=\".\/wp-content\/uploads\/2013\/02\/Board_game100_squares.pdf\">10 x 10<\/a>&nbsp;cases.<a href=\".\/wp-content\/uploads\/2013\/02\/snake-image2.jpg\"><img loading=\"lazy\" decoding=\"async\" alt=\"snake-image2\" src=\".\/wp-content\/uploads\/2013\/02\/snake-image2.jpg\" width=\"146\" height=\"109\"><\/a>&nbsp;<a href=\".\/wp-content\/uploads\/2013\/02\/snake-image3.jpg\"><img loading=\"lazy\" decoding=\"async\" alt=\"snake-image3\" src=\".\/wp-content\/uploads\/2013\/02\/snake-image3.jpg\" width=\"182\" height=\"136\"><\/a><img loading=\"lazy\" decoding=\"async\" alt=\"snake-image1\" src=\".\/wp-content\/uploads\/2013\/02\/snake-image1-300x224.jpg\" width=\"154\" height=\"114\"><\/li>\n<\/ul>\n","protected":false},"excerpt":{"rendered":"<p>Objectifs R\u00e9pondre rapidement \u00e0 des questions faciles Pr\u00e9-requis Fonction du questionnaire choisi Niveau(x) Tout niveau Dur\u00e9e 3\/4 h \u00e0 1 h Fiche descriptive R\u00e8gle du jeu en anglais Un questionnaire sur les d\u00e9riv\u00e9es Un diaporama sur&nbsp;plusieurs th\u00e8mes Le tableau de jeu en&nbsp;5 x 6,&nbsp;8 x 8&nbsp;ou&nbsp;10 x 10&nbsp;cases.&nbsp;<\/p>\n","protected":false},"author":3,"featured_media":0,"parent":47,"menu_order":0,"comment_status":"closed","ping_status":"open","template":"onecolumn-page.php","meta":{"footnotes":""},"class_list":["post-119","page","type-page","status-publish","hentry"],"_links":{"self":[{"href":"https:\/\/enseigner-maths-dnl.espe-bretagne.fr\/index.php?rest_route=\/wp\/v2\/pages\/119","targetHints":{"allow":["GET"]}}],"collection":[{"href":"https:\/\/enseigner-maths-dnl.espe-bretagne.fr\/index.php?rest_route=\/wp\/v2\/pages"}],"about":[{"href":"https:\/\/enseigner-maths-dnl.espe-bretagne.fr\/index.php?rest_route=\/wp\/v2\/types\/page"}],"author":[{"embeddable":true,"href":"https:\/\/enseigner-maths-dnl.espe-bretagne.fr\/index.php?rest_route=\/wp\/v2\/users\/3"}],"replies":[{"embeddable":true,"href":"https:\/\/enseigner-maths-dnl.espe-bretagne.fr\/index.php?rest_route=%2Fwp%2Fv2%2Fcomments&post=119"}],"version-history":[{"count":11,"href":"https:\/\/enseigner-maths-dnl.espe-bretagne.fr\/index.php?rest_route=\/wp\/v2\/pages\/119\/revisions"}],"predecessor-version":[{"id":798,"href":"https:\/\/enseigner-maths-dnl.espe-bretagne.fr\/index.php?rest_route=\/wp\/v2\/pages\/119\/revisions\/798"}],"up":[{"embeddable":true,"href":"https:\/\/enseigner-maths-dnl.espe-bretagne.fr\/index.php?rest_route=\/wp\/v2\/pages\/47"}],"wp:attachment":[{"href":"https:\/\/enseigner-maths-dnl.espe-bretagne.fr\/index.php?rest_route=%2Fwp%2Fv2%2Fmedia&parent=119"}],"curies":[{"name":"wp","href":"https:\/\/api.w.org\/{rel}","templated":true}]}}