{"id":2,"date":"2013-01-28T09:34:46","date_gmt":"2013-01-28T09:34:46","guid":{"rendered":"http:\/\/python.bretagne.iufm.fr\/enseigner-maths-dnl\/?page_id=2"},"modified":"2019-06-19T09:55:05","modified_gmt":"2019-06-19T09:55:05","slug":"page-d-exemple","status":"publish","type":"page","link":"https:\/\/enseigner-maths-dnl.espe-bretagne.fr\/?page_id=2","title":{"rendered":"Mon premier cours"},"content":{"rendered":"<p style=\"text-align: center;\"><strong>\u00ab What about numbers&nbsp;\u00bb<\/strong><\/p>\n<table border=\"2\" cellspacing=\"0\" cellpadding=\"2\">\n<tbody>\n<tr>\n<td align=\"center\">Objectifs<\/td>\n<td>\n<ul>\n<li>Donner la parole aux \u00e9l\u00e8ves sur un th\u00e8me qu&#8217;ils connaissent plus ou moins bien : les nombres. Faire le point sur la lecture de nombres et de lettres.<\/li>\n<li>Faire le point sur l&#8217;\u00e9criture : en chiffre des nombres, d&#8217;une adresse email, de mots<\/li>\n<\/ul>\n<\/td>\n<\/tr>\n<tr>\n<td align=\"center\" width=\"25%\">Pr\u00e9-requis<\/td>\n<td>\n<ul>\n<li>Aucun<\/li>\n<\/ul>\n<\/td>\n<\/tr>\n<tr>\n<td align=\"center\">Niveau(x)<\/td>\n<td>\n<ul>\n<li>Premier cours pour n&#8217;importe quel niveau<\/li>\n<\/ul>\n<\/td>\n<\/tr>\n<tr>\n<td align=\"center\">Dur\u00e9e<\/td>\n<td>\n<ul>\n<li>1 h<\/li>\n<\/ul>\n<\/td>\n<\/tr>\n<\/tbody>\n<\/table>\n<p><a href=\".\/wp-content\/uploads\/2013\/01\/PremierCoursFicheDescriptive.pdf\">fiche descriptive<br \/>\n<\/a><a href=\".\/wp-content\/uploads\/2013\/01\/numbers-2nde.odp\">diaporama<\/a>&nbsp;(<a href=\"http:\/\/python.espe-bretagne.fr\/enseigner-maths-dnl\/wp-content\/uploads\/2013\/01\/numbers-2nde.pdf\">pdf<\/a>)<br \/>\n<a href=\".\/wp-content\/uploads\/2013\/01\/MonPremierCours-FicheEleve.odt\">fiche \u00e9l\u00e8ve<\/a>&nbsp;(<a href=\"http:\/\/python.espe-bretagne.fr\/enseigner-maths-dnl\/wp-content\/uploads\/2013\/01\/MonPremierCours-FicheEleve.pdf\">pdf<\/a>)<\/p>\n","protected":false},"excerpt":{"rendered":"<p>\u00ab What about numbers&nbsp;\u00bb Objectifs Donner la parole aux \u00e9l\u00e8ves sur un th\u00e8me qu&#8217;ils connaissent plus ou moins bien : les nombres. Faire le point sur la lecture de nombres et de lettres. Faire le point sur l&#8217;\u00e9criture : en chiffre des nombres, d&#8217;une adresse email, de mots Pr\u00e9-requis Aucun Niveau(x) Premier cours pour n&#8217;importe &hellip; <\/p>\n<p class=\"link-more\"><a href=\"https:\/\/enseigner-maths-dnl.espe-bretagne.fr\/?page_id=2\" class=\"more-link\">Continue reading<span class=\"screen-reader-text\"> &#8220;Mon premier cours&#8221;<\/span><\/a><\/p>\n","protected":false},"author":1,"featured_media":0,"parent":0,"menu_order":0,"comment_status":"closed","ping_status":"open","template":"onecolumn-page.php","meta":{"footnotes":""},"class_list":["post-2","page","type-page","status-publish","hentry"],"_links":{"self":[{"href":"https:\/\/enseigner-maths-dnl.espe-bretagne.fr\/index.php?rest_route=\/wp\/v2\/pages\/2","targetHints":{"allow":["GET"]}}],"collection":[{"href":"https:\/\/enseigner-maths-dnl.espe-bretagne.fr\/index.php?rest_route=\/wp\/v2\/pages"}],"about":[{"href":"https:\/\/enseigner-maths-dnl.espe-bretagne.fr\/index.php?rest_route=\/wp\/v2\/types\/page"}],"author":[{"embeddable":true,"href":"https:\/\/enseigner-maths-dnl.espe-bretagne.fr\/index.php?rest_route=\/wp\/v2\/users\/1"}],"replies":[{"embeddable":true,"href":"https:\/\/enseigner-maths-dnl.espe-bretagne.fr\/index.php?rest_route=%2Fwp%2Fv2%2Fcomments&post=2"}],"version-history":[{"count":13,"href":"https:\/\/enseigner-maths-dnl.espe-bretagne.fr\/index.php?rest_route=\/wp\/v2\/pages\/2\/revisions"}],"predecessor-version":[{"id":818,"href":"https:\/\/enseigner-maths-dnl.espe-bretagne.fr\/index.php?rest_route=\/wp\/v2\/pages\/2\/revisions\/818"}],"wp:attachment":[{"href":"https:\/\/enseigner-maths-dnl.espe-bretagne.fr\/index.php?rest_route=%2Fwp%2Fv2%2Fmedia&parent=2"}],"curies":[{"name":"wp","href":"https:\/\/api.w.org\/{rel}","templated":true}]}}