{"id":293,"date":"2013-04-12T14:14:39","date_gmt":"2013-04-12T14:14:39","guid":{"rendered":"http:\/\/python.bretagne.iufm.fr\/enseigner-maths-dnl\/?page_id=293"},"modified":"2019-06-19T09:56:09","modified_gmt":"2019-06-19T09:56:09","slug":"livres-et-manuels","status":"publish","type":"page","link":"https:\/\/enseigner-maths-dnl.espe-bretagne.fr\/?page_id=293","title":{"rendered":"Livres et manuels"},"content":{"rendered":"<h2>Manuels en anglais<\/h2>\n<p><b>Mathematics, HL International bacalaureat Diploma Programme, ISBN : 1 876 543 09 4<\/b><br \/>\nPaul Urban, John Owen&#8230;&#8230;Publisher : HAESE and HARRIS<br \/>\n<i>Mon avis : complet, int\u00e9ressant, incontournable.<\/i><\/p>\n<p><b>Oxford Math HL for the IB diploma<\/b><br \/>\nEditions Oxford<br \/>\n<i>Mon avis : tout le programme lyc\u00e9e ; de tr\u00e8s nombreux exercices.<\/i><\/p>\n<p><b>Pure Mathematics, MEI structured maths ISBN : 0 340 771941<\/b><br \/>\nseries editor : Roger Porkess ; Hodder &amp; Stoughton<br \/>\n<i>Mon avis : un effort pour proposer des exercices \u201cen situation\u201d.<\/i><\/p>\n<h2>Autres livres<\/h2>\n<p><b>Do you speak Science ?<\/b><br \/>\nMarc D\u00e9fourneaux, chez Dunod<br \/>\n<i>Mon avis : Une base pour savoir parler anglais dans le domaine scientifique<\/i><\/p>\n<p><b>Communiquer en anglais : guide pratique \u00e0 l&#8217;usage des scientifiques,<\/b><br \/>\nDoroth\u00e9e Baud et Lauriane Hillion, chez ellipses<br \/>\n<i>Mon avis : davantage utile aux universitaires mais des tournures linguistiques utiles cependant<\/i><\/p>\n<p><b>Maths in English, ISBN : 978 2 7011 5112 0<\/b><br \/>\nDani\u00e8le Gibbons, chez Dunod<br \/>\n<i>Mon avis : des situations parfois trop difficiles pour \u00eatre directement exploitables en cours mais des id\u00e9es passionnantes<\/i><\/p>\n<p><b>Pascal&#8217;s triangle, ISBN : 0 906212 84 7<\/b><br \/>\nTony Colledge, Taquin Publication<br \/>\n<i>Mon avis : passionnant bien que limit\u00e9 \u00e0 un sujet. Voir aussi toutes les autres publications math\u00e9matiques de chez Taquin qui privil\u00e9gient une approche ludique des maths !<\/i><\/p>\n","protected":false},"excerpt":{"rendered":"<p>Manuels en anglais Mathematics, HL International bacalaureat Diploma Programme, ISBN : 1 876 543 09 4 Paul Urban, John Owen&#8230;&#8230;Publisher : HAESE and HARRIS Mon avis : complet, int\u00e9ressant, incontournable. Oxford Math HL for the IB diploma Editions Oxford Mon avis : tout le programme lyc\u00e9e ; de tr\u00e8s nombreux exercices. Pure Mathematics, MEI structured &hellip; <\/p>\n<p class=\"link-more\"><a href=\"https:\/\/enseigner-maths-dnl.espe-bretagne.fr\/?page_id=293\" class=\"more-link\">Continue reading<span class=\"screen-reader-text\"> &#8220;Livres et manuels&#8221;<\/span><\/a><\/p>\n","protected":false},"author":6,"featured_media":0,"parent":22,"menu_order":0,"comment_status":"closed","ping_status":"open","template":"onecolumn-page.php","meta":{"footnotes":""},"class_list":["post-293","page","type-page","status-publish","hentry"],"_links":{"self":[{"href":"https:\/\/enseigner-maths-dnl.espe-bretagne.fr\/index.php?rest_route=\/wp\/v2\/pages\/293","targetHints":{"allow":["GET"]}}],"collection":[{"href":"https:\/\/enseigner-maths-dnl.espe-bretagne.fr\/index.php?rest_route=\/wp\/v2\/pages"}],"about":[{"href":"https:\/\/enseigner-maths-dnl.espe-bretagne.fr\/index.php?rest_route=\/wp\/v2\/types\/page"}],"author":[{"embeddable":true,"href":"https:\/\/enseigner-maths-dnl.espe-bretagne.fr\/index.php?rest_route=\/wp\/v2\/users\/6"}],"replies":[{"embeddable":true,"href":"https:\/\/enseigner-maths-dnl.espe-bretagne.fr\/index.php?rest_route=%2Fwp%2Fv2%2Fcomments&post=293"}],"version-history":[{"count":7,"href":"https:\/\/enseigner-maths-dnl.espe-bretagne.fr\/index.php?rest_route=\/wp\/v2\/pages\/293\/revisions"}],"predecessor-version":[{"id":821,"href":"https:\/\/enseigner-maths-dnl.espe-bretagne.fr\/index.php?rest_route=\/wp\/v2\/pages\/293\/revisions\/821"}],"up":[{"embeddable":true,"href":"https:\/\/enseigner-maths-dnl.espe-bretagne.fr\/index.php?rest_route=\/wp\/v2\/pages\/22"}],"wp:attachment":[{"href":"https:\/\/enseigner-maths-dnl.espe-bretagne.fr\/index.php?rest_route=%2Fwp%2Fv2%2Fmedia&parent=293"}],"curies":[{"name":"wp","href":"https:\/\/api.w.org\/{rel}","templated":true}]}}