{"id":30,"date":"2013-02-01T15:45:23","date_gmt":"2013-02-01T15:45:23","guid":{"rendered":"http:\/\/python.bretagne.iufm.fr\/enseigner-maths-dnl\/?page_id=30"},"modified":"2019-06-19T09:41:07","modified_gmt":"2019-06-19T09:41:07","slug":"activites-par-theme","status":"publish","type":"page","link":"https:\/\/enseigner-maths-dnl.espe-bretagne.fr\/?page_id=30","title":{"rendered":"Activit\u00e9s par th\u00e8me"},"content":{"rendered":"<p>Cette rubrique est &#8220;en cours de construction&#8221;.<br \/>\nPour visualiser nos activit\u00e9s, veuillez vous reporter \u00e0 l&#8217;onglet &#8220;Activit\u00e9s par TYPE&#8221;<\/p>\n<p><del>Nous avons \u00e9labor\u00e9 et test\u00e9 en classe un certain nombre d\u2019activit\u00e9s. Vous pouvez ici acc\u00e9der \u00e0 ces activit\u00e9s class\u00e9es par th\u00e8me. Vous retrouverez ces m\u00eames activit\u00e9s, class\u00e9es par type, ou par niveau de classe.<\/del><\/p>\n<p>&nbsp;<\/p>\n","protected":false},"excerpt":{"rendered":"<p>Cette rubrique est &#8220;en cours de construction&#8221;. Pour visualiser nos activit\u00e9s, veuillez vous reporter \u00e0 l&#8217;onglet &#8220;Activit\u00e9s par TYPE&#8221; Nous avons \u00e9labor\u00e9 et test\u00e9 en classe un certain nombre d\u2019activit\u00e9s. Vous pouvez ici acc\u00e9der \u00e0 ces activit\u00e9s class\u00e9es par th\u00e8me. Vous retrouverez ces m\u00eames activit\u00e9s, class\u00e9es par type, ou par niveau de classe. &nbsp;<\/p>\n","protected":false},"author":2,"featured_media":0,"parent":0,"menu_order":0,"comment_status":"closed","ping_status":"open","template":"","meta":{"footnotes":""},"class_list":["post-30","page","type-page","status-publish","hentry"],"_links":{"self":[{"href":"https:\/\/enseigner-maths-dnl.espe-bretagne.fr\/index.php?rest_route=\/wp\/v2\/pages\/30","targetHints":{"allow":["GET"]}}],"collection":[{"href":"https:\/\/enseigner-maths-dnl.espe-bretagne.fr\/index.php?rest_route=\/wp\/v2\/pages"}],"about":[{"href":"https:\/\/enseigner-maths-dnl.espe-bretagne.fr\/index.php?rest_route=\/wp\/v2\/types\/page"}],"author":[{"embeddable":true,"href":"https:\/\/enseigner-maths-dnl.espe-bretagne.fr\/index.php?rest_route=\/wp\/v2\/users\/2"}],"replies":[{"embeddable":true,"href":"https:\/\/enseigner-maths-dnl.espe-bretagne.fr\/index.php?rest_route=%2Fwp%2Fv2%2Fcomments&post=30"}],"version-history":[{"count":7,"href":"https:\/\/enseigner-maths-dnl.espe-bretagne.fr\/index.php?rest_route=\/wp\/v2\/pages\/30\/revisions"}],"predecessor-version":[{"id":793,"href":"https:\/\/enseigner-maths-dnl.espe-bretagne.fr\/index.php?rest_route=\/wp\/v2\/pages\/30\/revisions\/793"}],"wp:attachment":[{"href":"https:\/\/enseigner-maths-dnl.espe-bretagne.fr\/index.php?rest_route=%2Fwp%2Fv2%2Fmedia&parent=30"}],"curies":[{"name":"wp","href":"https:\/\/api.w.org\/{rel}","templated":true}]}}