{"id":44,"date":"2013-02-01T15:53:54","date_gmt":"2013-02-01T15:53:54","guid":{"rendered":"http:\/\/python.bretagne.iufm.fr\/enseigner-maths-dnl\/?page_id=44"},"modified":"2019-06-19T09:45:15","modified_gmt":"2019-06-19T09:45:15","slug":"lets-play","status":"publish","type":"page","link":"https:\/\/enseigner-maths-dnl.espe-bretagne.fr\/?page_id=44","title":{"rendered":"Training"},"content":{"rendered":"<p>Comme son nom l&#8217;indique vous pourrez utiliser les activit\u00e9s de cette partie pour entrainer vos \u00e9l\u00e8ves. A travers diff\u00e9rents jeux , ils vont devoir manipuler le vocabulaire et se l&#8217;approprier. En plus d&#8217;une simple utilisation de mots math\u00e9matiques, vos \u00e9l\u00e8ves vont devoir en conna\u00eetre le sens math\u00e9matique pour les utiliser.<\/p>\n","protected":false},"excerpt":{"rendered":"<p>Comme son nom l&#8217;indique vous pourrez utiliser les activit\u00e9s de cette partie pour entrainer vos \u00e9l\u00e8ves. A travers diff\u00e9rents jeux , ils vont devoir manipuler le vocabulaire et se l&#8217;approprier. En plus d&#8217;une simple utilisation de mots math\u00e9matiques, vos \u00e9l\u00e8ves vont devoir en conna\u00eetre le sens math\u00e9matique pour les utiliser.<\/p>\n","protected":false},"author":2,"featured_media":0,"parent":18,"menu_order":0,"comment_status":"closed","ping_status":"open","template":"","meta":{"footnotes":""},"class_list":["post-44","page","type-page","status-publish","hentry"],"_links":{"self":[{"href":"https:\/\/enseigner-maths-dnl.espe-bretagne.fr\/index.php?rest_route=\/wp\/v2\/pages\/44","targetHints":{"allow":["GET"]}}],"collection":[{"href":"https:\/\/enseigner-maths-dnl.espe-bretagne.fr\/index.php?rest_route=\/wp\/v2\/pages"}],"about":[{"href":"https:\/\/enseigner-maths-dnl.espe-bretagne.fr\/index.php?rest_route=\/wp\/v2\/types\/page"}],"author":[{"embeddable":true,"href":"https:\/\/enseigner-maths-dnl.espe-bretagne.fr\/index.php?rest_route=\/wp\/v2\/users\/2"}],"replies":[{"embeddable":true,"href":"https:\/\/enseigner-maths-dnl.espe-bretagne.fr\/index.php?rest_route=%2Fwp%2Fv2%2Fcomments&post=44"}],"version-history":[{"count":5,"href":"https:\/\/enseigner-maths-dnl.espe-bretagne.fr\/index.php?rest_route=\/wp\/v2\/pages\/44\/revisions"}],"predecessor-version":[{"id":799,"href":"https:\/\/enseigner-maths-dnl.espe-bretagne.fr\/index.php?rest_route=\/wp\/v2\/pages\/44\/revisions\/799"}],"up":[{"embeddable":true,"href":"https:\/\/enseigner-maths-dnl.espe-bretagne.fr\/index.php?rest_route=\/wp\/v2\/pages\/18"}],"wp:attachment":[{"href":"https:\/\/enseigner-maths-dnl.espe-bretagne.fr\/index.php?rest_route=%2Fwp%2Fv2%2Fmedia&parent=44"}],"curies":[{"name":"wp","href":"https:\/\/api.w.org\/{rel}","templated":true}]}}