{"id":478,"date":"2013-09-20T14:20:17","date_gmt":"2013-09-20T14:20:17","guid":{"rendered":"http:\/\/python.espe-bretagne.fr\/enseigner-maths-dnl\/?page_id=478"},"modified":"2014-01-08T17:16:07","modified_gmt":"2014-01-08T17:16:07","slug":"numbers","status":"publish","type":"page","link":"https:\/\/enseigner-maths-dnl.espe-bretagne.fr\/?page_id=478","title":{"rendered":"Numbers"},"content":{"rendered":"<p>Vous trouverez ici des activit\u00e9s portant sur les nombres entiers, d\u00e9cimaux, rationnels, r\u00e9els. Le but concerne essentiellement la ma\u00eetrise du vocabulaire, \u00e0 l&#8217;oral ou \u00e0 l&#8217;\u00e9crit.<\/p>\n","protected":false},"excerpt":{"rendered":"<p>Vous trouverez ici des activit\u00e9s portant sur les nombres entiers, d\u00e9cimaux, rationnels, r\u00e9els. Le but concerne essentiellement la ma\u00eetrise du vocabulaire, \u00e0 l&#8217;oral ou \u00e0 l&#8217;\u00e9crit.<\/p>\n","protected":false},"author":2,"featured_media":0,"parent":30,"menu_order":0,"comment_status":"closed","ping_status":"closed","template":"","meta":{"footnotes":""},"class_list":["post-478","page","type-page","status-publish","hentry"],"_links":{"self":[{"href":"https:\/\/enseigner-maths-dnl.espe-bretagne.fr\/index.php?rest_route=\/wp\/v2\/pages\/478","targetHints":{"allow":["GET"]}}],"collection":[{"href":"https:\/\/enseigner-maths-dnl.espe-bretagne.fr\/index.php?rest_route=\/wp\/v2\/pages"}],"about":[{"href":"https:\/\/enseigner-maths-dnl.espe-bretagne.fr\/index.php?rest_route=\/wp\/v2\/types\/page"}],"author":[{"embeddable":true,"href":"https:\/\/enseigner-maths-dnl.espe-bretagne.fr\/index.php?rest_route=\/wp\/v2\/users\/2"}],"replies":[{"embeddable":true,"href":"https:\/\/enseigner-maths-dnl.espe-bretagne.fr\/index.php?rest_route=%2Fwp%2Fv2%2Fcomments&post=478"}],"version-history":[{"count":2,"href":"https:\/\/enseigner-maths-dnl.espe-bretagne.fr\/index.php?rest_route=\/wp\/v2\/pages\/478\/revisions"}],"predecessor-version":[{"id":623,"href":"https:\/\/enseigner-maths-dnl.espe-bretagne.fr\/index.php?rest_route=\/wp\/v2\/pages\/478\/revisions\/623"}],"up":[{"embeddable":true,"href":"https:\/\/enseigner-maths-dnl.espe-bretagne.fr\/index.php?rest_route=\/wp\/v2\/pages\/30"}],"wp:attachment":[{"href":"https:\/\/enseigner-maths-dnl.espe-bretagne.fr\/index.php?rest_route=%2Fwp%2Fv2%2Fmedia&parent=478"}],"curies":[{"name":"wp","href":"https:\/\/api.w.org\/{rel}","templated":true}]}}