{"id":542,"date":"2013-11-08T15:14:00","date_gmt":"2013-11-08T15:14:00","guid":{"rendered":"http:\/\/python.espe-bretagne.fr\/enseigner-maths-dnl\/?page_id=542"},"modified":"2019-06-19T09:53:41","modified_gmt":"2019-06-19T09:53:41","slug":"ressources-pour-levaluation","status":"publish","type":"page","link":"https:\/\/enseigner-maths-dnl.espe-bretagne.fr\/?page_id=542","title":{"rendered":"\u00c9valuation \u00e9crite"},"content":{"rendered":"<p align=\"JUSTIFY\">Avec g\u00e9n\u00e9ralement une seule heure de cours par semaine, l&#8217;\u00e9valuation \u00e9crite en DNL est n\u00e9cessairement limit\u00e9e \u00e0 des petits tests \u00e9crits qui privil\u00e9gient le r\u00e9-investissement du vocabulaire.<\/p>\n<p align=\"CENTER\"><i>Voici quelques exemples de petits tests :<br \/>\nsur les&nbsp;<a href=\".\/wp-content\/uploads\/2013\/02\/interro-fct.pdf\">fonctions<br \/>\n<\/a>sur les <\/i><em><a href=\"http:\/\/python.espe-bretagne.fr\/enseigner-maths-dnl\/wp-content\/uploads\/2013\/11\/2ndeEuro_Test01.pdf\">nombres<\/a><\/em><\/p>\n","protected":false},"excerpt":{"rendered":"<p>Avec g\u00e9n\u00e9ralement une seule heure de cours par semaine, l&#8217;\u00e9valuation \u00e9crite en DNL est n\u00e9cessairement limit\u00e9e \u00e0 des petits tests \u00e9crits qui privil\u00e9gient le r\u00e9-investissement du vocabulaire. Voici quelques exemples de petits tests : sur les&nbsp;fonctions sur les nombres<\/p>\n","protected":false},"author":2,"featured_media":0,"parent":31,"menu_order":4,"comment_status":"closed","ping_status":"closed","template":"onecolumn-page.php","meta":{"footnotes":""},"class_list":["post-542","page","type-page","status-publish","hentry"],"_links":{"self":[{"href":"https:\/\/enseigner-maths-dnl.espe-bretagne.fr\/index.php?rest_route=\/wp\/v2\/pages\/542","targetHints":{"allow":["GET"]}}],"collection":[{"href":"https:\/\/enseigner-maths-dnl.espe-bretagne.fr\/index.php?rest_route=\/wp\/v2\/pages"}],"about":[{"href":"https:\/\/enseigner-maths-dnl.espe-bretagne.fr\/index.php?rest_route=\/wp\/v2\/types\/page"}],"author":[{"embeddable":true,"href":"https:\/\/enseigner-maths-dnl.espe-bretagne.fr\/index.php?rest_route=\/wp\/v2\/users\/2"}],"replies":[{"embeddable":true,"href":"https:\/\/enseigner-maths-dnl.espe-bretagne.fr\/index.php?rest_route=%2Fwp%2Fv2%2Fcomments&post=542"}],"version-history":[{"count":8,"href":"https:\/\/enseigner-maths-dnl.espe-bretagne.fr\/index.php?rest_route=\/wp\/v2\/pages\/542\/revisions"}],"predecessor-version":[{"id":816,"href":"https:\/\/enseigner-maths-dnl.espe-bretagne.fr\/index.php?rest_route=\/wp\/v2\/pages\/542\/revisions\/816"}],"up":[{"embeddable":true,"href":"https:\/\/enseigner-maths-dnl.espe-bretagne.fr\/index.php?rest_route=\/wp\/v2\/pages\/31"}],"wp:attachment":[{"href":"https:\/\/enseigner-maths-dnl.espe-bretagne.fr\/index.php?rest_route=%2Fwp%2Fv2%2Fmedia&parent=542"}],"curies":[{"name":"wp","href":"https:\/\/api.w.org\/{rel}","templated":true}]}}