{"id":656,"date":"2014-01-08T18:31:06","date_gmt":"2014-01-08T18:31:06","guid":{"rendered":"http:\/\/python.espe-bretagne.fr\/enseigner-maths-dnl\/?page_id=656"},"modified":"2014-01-08T18:44:28","modified_gmt":"2014-01-08T18:44:28","slug":"evaluation-orale","status":"publish","type":"page","link":"https:\/\/enseigner-maths-dnl.espe-bretagne.fr\/?page_id=656","title":{"rendered":"\u00c9valuation orale"},"content":{"rendered":"<p align=\"JUSTIFY\">L&#8217;oral \u00e9tant au c\u0153ur de cet enseignement, il doit donc entrer comme part importante de l&#8217;\u00e9valuation.<br \/>\nVoici par exemple, des textes d&#8217;\u00e9valuations orales au cours desquelles les \u00e9l\u00e8ves s&#8217;enregistrent, r\u00e9solvent des exercices ou font une courte pr\u00e9sentation. (Il existe de multiples moyens pour ce type d\u2019enregistrements : labo de langue, valise de MP3 ou MP4, logiciel Audacity, etc.).<br \/>\nL&#8217;id\u00e9al est de pouvoir \u00e9valuer conjointement : une partie de la note est attribu\u00e9e par le professeur de langue et une autre par le professeur de math\u00e9matiques.<\/p>\n<p align=\"CENTER\"><i><a href=\"http:\/\/python.espe-bretagne.fr\/enseigner-maths-dnl\/wp-content\/uploads\/2014\/01\/Oral-test-Numbers-and-Algebra.pdf\">Un test sur les nombres et l&#8217;alg\u00e8bre<\/a>\u00a0et sa <a href=\"http:\/\/python.espe-bretagne.fr\/enseigner-maths-dnl\/wp-content\/uploads\/2014\/01\/Oral-test-Numbers-and-Algebra_marking-scheme.pdf\">grille d&#8217;\u00e9valuation<\/a>.<br \/>\n<\/i><i><a href=\"http:\/\/python.espe-bretagne.fr\/enseigner-maths-dnl\/wp-content\/uploads\/2014\/01\/Oral-test-Geometry.pdf\">Un test sur la g\u00e9om\u00e9trie<\/a>\u00a0et sa <a href=\"http:\/\/python.espe-bretagne.fr\/enseigner-maths-dnl\/wp-content\/uploads\/2014\/01\/Oral-test-geometry_marking-scheme.pdf\">grille d&#8217;\u00e9valuation<\/a>.<\/i><\/p>\n<p>Les grilles d&#8217;\u00e9valuation pourront \u00eatre distribu\u00e9es aux \u00e9l\u00e8ves avant m\u00eame le test.<br \/>\nLes grilles propos\u00e9es ici ne sont pas fig\u00e9es et sont adaptables en fonction de vos besoins. Par exemple, vous pouvez d\u00e9cider d&#8217;\u00e9valuer la prononciation des lettres de l&#8217;alphabet en d\u00e9but de seconde, ou bien \u00e9valuer les connaissances de vocabulaire en g\u00e9om\u00e9trie.<\/p>\n","protected":false},"excerpt":{"rendered":"<p>L&#8217;oral \u00e9tant au c\u0153ur de cet enseignement, il doit donc entrer comme part importante de l&#8217;\u00e9valuation. Voici par exemple, des textes d&#8217;\u00e9valuations orales au cours desquelles les \u00e9l\u00e8ves s&#8217;enregistrent, r\u00e9solvent des exercices ou font une courte pr\u00e9sentation. (Il existe de multiples moyens pour ce type d\u2019enregistrements : labo de langue, valise de MP3 ou MP4, &hellip; <\/p>\n<p class=\"link-more\"><a href=\"https:\/\/enseigner-maths-dnl.espe-bretagne.fr\/?page_id=656\" class=\"more-link\">Continue reading<span class=\"screen-reader-text\"> &#8220;\u00c9valuation orale&#8221;<\/span><\/a><\/p>\n","protected":false},"author":3,"featured_media":0,"parent":31,"menu_order":1,"comment_status":"open","ping_status":"closed","template":"onecolumn-page.php","meta":{"footnotes":""},"class_list":["post-656","page","type-page","status-publish","hentry"],"_links":{"self":[{"href":"https:\/\/enseigner-maths-dnl.espe-bretagne.fr\/index.php?rest_route=\/wp\/v2\/pages\/656","targetHints":{"allow":["GET"]}}],"collection":[{"href":"https:\/\/enseigner-maths-dnl.espe-bretagne.fr\/index.php?rest_route=\/wp\/v2\/pages"}],"about":[{"href":"https:\/\/enseigner-maths-dnl.espe-bretagne.fr\/index.php?rest_route=\/wp\/v2\/types\/page"}],"author":[{"embeddable":true,"href":"https:\/\/enseigner-maths-dnl.espe-bretagne.fr\/index.php?rest_route=\/wp\/v2\/users\/3"}],"replies":[{"embeddable":true,"href":"https:\/\/enseigner-maths-dnl.espe-bretagne.fr\/index.php?rest_route=%2Fwp%2Fv2%2Fcomments&post=656"}],"version-history":[{"count":5,"href":"https:\/\/enseigner-maths-dnl.espe-bretagne.fr\/index.php?rest_route=\/wp\/v2\/pages\/656\/revisions"}],"predecessor-version":[{"id":682,"href":"https:\/\/enseigner-maths-dnl.espe-bretagne.fr\/index.php?rest_route=\/wp\/v2\/pages\/656\/revisions\/682"}],"up":[{"embeddable":true,"href":"https:\/\/enseigner-maths-dnl.espe-bretagne.fr\/index.php?rest_route=\/wp\/v2\/pages\/31"}],"wp:attachment":[{"href":"https:\/\/enseigner-maths-dnl.espe-bretagne.fr\/index.php?rest_route=%2Fwp%2Fv2%2Fmedia&parent=656"}],"curies":[{"name":"wp","href":"https:\/\/api.w.org\/{rel}","templated":true}]}}