{"id":658,"date":"2014-01-08T18:32:04","date_gmt":"2014-01-08T18:32:04","guid":{"rendered":"http:\/\/python.espe-bretagne.fr\/enseigner-maths-dnl\/?page_id=658"},"modified":"2019-06-19T09:53:04","modified_gmt":"2019-06-19T09:53:04","slug":"auto-evaluation","status":"publish","type":"page","link":"https:\/\/enseigner-maths-dnl.espe-bretagne.fr\/?page_id=658","title":{"rendered":"Auto-\u00e9valuation"},"content":{"rendered":"<p><span><b>Auto-\u00e9valuation \/ Self-Assessment and Feedback :<\/b><\/span><\/p>\n<p><span style=\"color: #000000;\">Il est aussi tr\u00e8s int\u00e9ressant de demander aux \u00e9l\u00e8ves de s&#8217;auto-\u00e9valuer sur la qualit\u00e9 de leur participation au cours d&#8217;euro. Voir un exemple de <a href=\"http:\/\/python.espe-bretagne.fr\/enseigner-maths-dnl\/wp-content\/uploads\/2013\/02\/auto_evaluation_orale.odt\">fiche<\/a>&nbsp;d&#8217;auto-\u00e9valuation&nbsp;ou de <a title=\"Feedback\" href=\"http:\/\/python.espe-bretagne.fr\/enseigner-maths-dnl\/?page_id=705\">feedback<\/a>.<\/span><\/p>\n<p><span style=\"font-size: medium;\">Lorsque les \u00e9l\u00e8ves ont eu l&#8217;occasion de s&#8217;enregistrer, leur permettre de se r\u00e9-\u00e9couter et de s&#8217;auto-\u00e9valuer est aussi extr\u00eamement formateur. Pour ce faire, on peut leur distribuer la grille de notation du test.<\/span><\/p>\n","protected":false},"excerpt":{"rendered":"<p>Auto-\u00e9valuation \/ Self-Assessment and Feedback : Il est aussi tr\u00e8s int\u00e9ressant de demander aux \u00e9l\u00e8ves de s&#8217;auto-\u00e9valuer sur la qualit\u00e9 de leur participation au cours d&#8217;euro. Voir un exemple de fiche&nbsp;d&#8217;auto-\u00e9valuation&nbsp;ou de feedback. Lorsque les \u00e9l\u00e8ves ont eu l&#8217;occasion de s&#8217;enregistrer, leur permettre de se r\u00e9-\u00e9couter et de s&#8217;auto-\u00e9valuer est aussi extr\u00eamement formateur. Pour ce &hellip; <\/p>\n<p class=\"link-more\"><a href=\"https:\/\/enseigner-maths-dnl.espe-bretagne.fr\/?page_id=658\" class=\"more-link\">Continue reading<span class=\"screen-reader-text\"> &#8220;Auto-\u00e9valuation&#8221;<\/span><\/a><\/p>\n","protected":false},"author":3,"featured_media":0,"parent":31,"menu_order":3,"comment_status":"closed","ping_status":"closed","template":"onecolumn-page.php","meta":{"footnotes":""},"class_list":["post-658","page","type-page","status-publish","hentry"],"_links":{"self":[{"href":"https:\/\/enseigner-maths-dnl.espe-bretagne.fr\/index.php?rest_route=\/wp\/v2\/pages\/658","targetHints":{"allow":["GET"]}}],"collection":[{"href":"https:\/\/enseigner-maths-dnl.espe-bretagne.fr\/index.php?rest_route=\/wp\/v2\/pages"}],"about":[{"href":"https:\/\/enseigner-maths-dnl.espe-bretagne.fr\/index.php?rest_route=\/wp\/v2\/types\/page"}],"author":[{"embeddable":true,"href":"https:\/\/enseigner-maths-dnl.espe-bretagne.fr\/index.php?rest_route=\/wp\/v2\/users\/3"}],"replies":[{"embeddable":true,"href":"https:\/\/enseigner-maths-dnl.espe-bretagne.fr\/index.php?rest_route=%2Fwp%2Fv2%2Fcomments&post=658"}],"version-history":[{"count":6,"href":"https:\/\/enseigner-maths-dnl.espe-bretagne.fr\/index.php?rest_route=\/wp\/v2\/pages\/658\/revisions"}],"predecessor-version":[{"id":815,"href":"https:\/\/enseigner-maths-dnl.espe-bretagne.fr\/index.php?rest_route=\/wp\/v2\/pages\/658\/revisions\/815"}],"up":[{"embeddable":true,"href":"https:\/\/enseigner-maths-dnl.espe-bretagne.fr\/index.php?rest_route=\/wp\/v2\/pages\/31"}],"wp:attachment":[{"href":"https:\/\/enseigner-maths-dnl.espe-bretagne.fr\/index.php?rest_route=%2Fwp%2Fv2%2Fmedia&parent=658"}],"curies":[{"name":"wp","href":"https:\/\/api.w.org\/{rel}","templated":true}]}}