{"id":660,"date":"2014-01-08T18:35:15","date_gmt":"2014-01-08T18:35:15","guid":{"rendered":"http:\/\/python.espe-bretagne.fr\/enseigner-maths-dnl\/?page_id=660"},"modified":"2019-06-19T09:52:42","modified_gmt":"2019-06-19T09:52:42","slug":"bac-blanc","status":"publish","type":"page","link":"https:\/\/enseigner-maths-dnl.espe-bretagne.fr\/?page_id=660","title":{"rendered":"Bac blanc"},"content":{"rendered":"<p><span><b>Bac blanc \/ Mock Exam :<\/b><\/span><\/p>\n<p><span style=\"font-size: medium;\">Dans ce type d&#8217;\u00e9preuve il y a un nouvel \u00e9l\u00e9ment \u00e0 \u00e9valuer, le dialogue entre l&#8217;\u00e9l\u00e8ve et les enseignants.<br \/>\nPour ce faire, nous vous proposons une grille prenant en compte l&#8217;interaction :<\/span><\/p>\n<p align=\"CENTER\"><a href=\"http:\/\/python.espe-bretagne.fr\/enseigner-maths-dnl\/wp-content\/uploads\/2014\/01\/Mock-exam_Marking-scheme.pdf\">Grille type mock exam<\/a><\/p>\n","protected":false},"excerpt":{"rendered":"<p>Bac blanc \/ Mock Exam : Dans ce type d&#8217;\u00e9preuve il y a un nouvel \u00e9l\u00e9ment \u00e0 \u00e9valuer, le dialogue entre l&#8217;\u00e9l\u00e8ve et les enseignants. Pour ce faire, nous vous proposons une grille prenant en compte l&#8217;interaction : Grille type mock exam<\/p>\n","protected":false},"author":3,"featured_media":0,"parent":31,"menu_order":2,"comment_status":"closed","ping_status":"closed","template":"onecolumn-page.php","meta":{"footnotes":""},"class_list":["post-660","page","type-page","status-publish","hentry"],"_links":{"self":[{"href":"https:\/\/enseigner-maths-dnl.espe-bretagne.fr\/index.php?rest_route=\/wp\/v2\/pages\/660","targetHints":{"allow":["GET"]}}],"collection":[{"href":"https:\/\/enseigner-maths-dnl.espe-bretagne.fr\/index.php?rest_route=\/wp\/v2\/pages"}],"about":[{"href":"https:\/\/enseigner-maths-dnl.espe-bretagne.fr\/index.php?rest_route=\/wp\/v2\/types\/page"}],"author":[{"embeddable":true,"href":"https:\/\/enseigner-maths-dnl.espe-bretagne.fr\/index.php?rest_route=\/wp\/v2\/users\/3"}],"replies":[{"embeddable":true,"href":"https:\/\/enseigner-maths-dnl.espe-bretagne.fr\/index.php?rest_route=%2Fwp%2Fv2%2Fcomments&post=660"}],"version-history":[{"count":4,"href":"https:\/\/enseigner-maths-dnl.espe-bretagne.fr\/index.php?rest_route=\/wp\/v2\/pages\/660\/revisions"}],"predecessor-version":[{"id":668,"href":"https:\/\/enseigner-maths-dnl.espe-bretagne.fr\/index.php?rest_route=\/wp\/v2\/pages\/660\/revisions\/668"}],"up":[{"embeddable":true,"href":"https:\/\/enseigner-maths-dnl.espe-bretagne.fr\/index.php?rest_route=\/wp\/v2\/pages\/31"}],"wp:attachment":[{"href":"https:\/\/enseigner-maths-dnl.espe-bretagne.fr\/index.php?rest_route=%2Fwp%2Fv2%2Fmedia&parent=660"}],"curies":[{"name":"wp","href":"https:\/\/api.w.org\/{rel}","templated":true}]}}