{"id":733,"date":"2014-01-31T17:17:02","date_gmt":"2014-01-31T17:17:02","guid":{"rendered":"http:\/\/python.espe-bretagne.fr\/enseigner-maths-dnl\/?page_id=733"},"modified":"2019-06-19T09:44:25","modified_gmt":"2019-06-19T09:44:25","slug":"nim-game","status":"publish","type":"page","link":"https:\/\/enseigner-maths-dnl.espe-bretagne.fr\/?page_id=733","title":{"rendered":"Nim Game"},"content":{"rendered":"<table border=\"2\" cellspacing=\"0\" cellpadding=\"2\">\n<tbody>\n<tr>\n<td align=\"center\" width=\"20%\">Objectifs<\/td>\n<td>Selon le niveau des \u00e9l\u00e8ves, les objectifs sont diff\u00e9rents :<\/p>\n<ul>\n<li>S&#8217;amuser avec un jeu de strat\u00e9gie \u00e0 deux<\/li>\n<li>D\u00e9couvrir un exemple de suite arithm\u00e9tique (1\u00e8re, terminale)<\/li>\n<\/ul>\n<\/td>\n<\/tr>\n<tr>\n<td align=\"center\" width=\"20%\">Pr\u00e9-requis<\/td>\n<td>\n<ul>\n<li>Aucun<\/li>\n<\/ul>\n<\/td>\n<\/tr>\n<tr>\n<td align=\"center\">Niveau(x)<\/td>\n<td>\n<ul>\n<li>Tout niveau : de la 4e \u00e0 la terminale<\/li>\n<\/ul>\n<\/td>\n<\/tr>\n<tr>\n<td align=\"center\">Dur\u00e9e<\/td>\n<td>\n<ul>\n<li>30 min, voire plus\u2026<\/li>\n<\/ul>\n<\/td>\n<\/tr>\n<\/tbody>\n<\/table>\n<p><a href=\"http:\/\/python.espe-bretagne.fr\/enseigner-maths-dnl\/wp-content\/uploads\/2014\/01\/NimGame-FicheDuJeu.pdf\">Fiche descriptive<br \/>\n<\/a><a href=\"http:\/\/python.espe-bretagne.fr\/enseigner-maths-dnl\/wp-content\/uploads\/2014\/01\/NimGame-rules.pdf\">La r\u00e8gle du jeu<\/a><br \/>\n<a href=\"http:\/\/python.espe-bretagne.fr\/enseigner-maths-dnl\/wp-content\/uploads\/2014\/01\/NimGame-solution.pdf\">Une solution<\/a><\/p>\n","protected":false},"excerpt":{"rendered":"<p>Objectifs Selon le niveau des \u00e9l\u00e8ves, les objectifs sont diff\u00e9rents : S&#8217;amuser avec un jeu de strat\u00e9gie \u00e0 deux D\u00e9couvrir un exemple de suite arithm\u00e9tique (1\u00e8re, terminale) Pr\u00e9-requis Aucun Niveau(x) Tout niveau : de la 4e \u00e0 la terminale Dur\u00e9e 30 min, voire plus\u2026 Fiche descriptive La r\u00e8gle du jeu Une solution<\/p>\n","protected":false},"author":3,"featured_media":0,"parent":47,"menu_order":0,"comment_status":"closed","ping_status":"closed","template":"onecolumn-page.php","meta":{"footnotes":""},"class_list":["post-733","page","type-page","status-publish","hentry"],"_links":{"self":[{"href":"https:\/\/enseigner-maths-dnl.espe-bretagne.fr\/index.php?rest_route=\/wp\/v2\/pages\/733","targetHints":{"allow":["GET"]}}],"collection":[{"href":"https:\/\/enseigner-maths-dnl.espe-bretagne.fr\/index.php?rest_route=\/wp\/v2\/pages"}],"about":[{"href":"https:\/\/enseigner-maths-dnl.espe-bretagne.fr\/index.php?rest_route=\/wp\/v2\/types\/page"}],"author":[{"embeddable":true,"href":"https:\/\/enseigner-maths-dnl.espe-bretagne.fr\/index.php?rest_route=\/wp\/v2\/users\/3"}],"replies":[{"embeddable":true,"href":"https:\/\/enseigner-maths-dnl.espe-bretagne.fr\/index.php?rest_route=%2Fwp%2Fv2%2Fcomments&post=733"}],"version-history":[{"count":6,"href":"https:\/\/enseigner-maths-dnl.espe-bretagne.fr\/index.php?rest_route=\/wp\/v2\/pages\/733\/revisions"}],"predecessor-version":[{"id":797,"href":"https:\/\/enseigner-maths-dnl.espe-bretagne.fr\/index.php?rest_route=\/wp\/v2\/pages\/733\/revisions\/797"}],"up":[{"embeddable":true,"href":"https:\/\/enseigner-maths-dnl.espe-bretagne.fr\/index.php?rest_route=\/wp\/v2\/pages\/47"}],"wp:attachment":[{"href":"https:\/\/enseigner-maths-dnl.espe-bretagne.fr\/index.php?rest_route=%2Fwp%2Fv2%2Fmedia&parent=733"}],"curies":[{"name":"wp","href":"https:\/\/api.w.org\/{rel}","templated":true}]}}