{"id":86,"date":"2013-02-22T18:16:22","date_gmt":"2013-02-22T18:16:22","guid":{"rendered":"http:\/\/python.bretagne.iufm.fr\/enseigner-maths-dnl\/?page_id=86"},"modified":"2019-06-19T09:51:07","modified_gmt":"2019-06-19T09:51:07","slug":"countdown","status":"publish","type":"page","link":"https:\/\/enseigner-maths-dnl.espe-bretagne.fr\/?page_id=86","title":{"rendered":"Countdown"},"content":{"rendered":"<table border=\"2\" cellspacing=\"0\" cellpadding=\"2\">\n<tbody>\n<tr>\n<td align=\"center\">Objectifs<\/td>\n<td>\n<ul>\n<li>S\u2019exprimer en anglais sur les nombres et les quatre op\u00e9rations de base : [+ ; \u2013 ; \u00d7 ; \/]<\/li>\n<li>Travailler le calcul mental<\/li>\n<li>C\u2019est un jeu de rapidit\u00e9, l\u2019esprit de comp\u00e9tition peut stimuler les \u00e9l\u00e8ves.<\/li>\n<\/ul>\n<\/td>\n<\/tr>\n<tr>\n<td align=\"center\" width=\"25%\">Pr\u00e9-requis<\/td>\n<td>\n<ul>\n<li>Les op\u00e9rations de base : + ; \u2013 ; \u00d7 ; \/ et les tables de multiplication<\/li>\n<\/ul>\n<\/td>\n<\/tr>\n<tr>\n<td align=\"center\">Niveau(x)<\/td>\n<td>\n<ul>\n<li>Tout niveau : de la 4e \u00e0 la Terminale.<\/li>\n<\/ul>\n<\/td>\n<\/tr>\n<tr>\n<td align=\"center\">Dur\u00e9e<\/td>\n<td>\n<ul>\n<li>5 min (ou plus\u2026)<\/li>\n<\/ul>\n<\/td>\n<\/tr>\n<\/tbody>\n<\/table>\n<p><a href=\".\/wp-content\/uploads\/2013\/02\/Countdown-FicheDuJeu.pdf\">Fiche descriptive<\/a><br \/>\n<a href=\".\/wp-content\/uploads\/2013\/02\/Countdown-RulesOfTheGame.doc\">R\u00e8gle du jeu en anglais<\/a><br \/>\nExtraits du jeu anglais :<\/p>\n<ul>\n<li><a href=\"http:\/\/www.youtube.com\/watch?v=9eMs_o08Gm4\">http:\/\/www.youtube.com\/watch?v=9eMs_o08Gm4<\/a><\/li>\n<li><a href=\"http:\/\/www.youtube.com\/watch?v=rteww8eyplQ\">http:\/\/www.youtube.com\/watch?v=rteww8eyplQ<\/a><\/li>\n<\/ul>\n","protected":false},"excerpt":{"rendered":"<p>Objectifs S\u2019exprimer en anglais sur les nombres et les quatre op\u00e9rations de base : [+ ; \u2013 ; \u00d7 ; \/] Travailler le calcul mental C\u2019est un jeu de rapidit\u00e9, l\u2019esprit de comp\u00e9tition peut stimuler les \u00e9l\u00e8ves. Pr\u00e9-requis Les op\u00e9rations de base : + ; \u2013 ; \u00d7 ; \/ et les tables de multiplication &hellip; <\/p>\n<p class=\"link-more\"><a href=\"https:\/\/enseigner-maths-dnl.espe-bretagne.fr\/?page_id=86\" class=\"more-link\">Continue reading<span class=\"screen-reader-text\"> &#8220;Countdown&#8221;<\/span><\/a><\/p>\n","protected":false},"author":3,"featured_media":0,"parent":20,"menu_order":0,"comment_status":"closed","ping_status":"open","template":"onecolumn-page.php","meta":{"footnotes":""},"class_list":["post-86","page","type-page","status-publish","hentry"],"_links":{"self":[{"href":"https:\/\/enseigner-maths-dnl.espe-bretagne.fr\/index.php?rest_route=\/wp\/v2\/pages\/86","targetHints":{"allow":["GET"]}}],"collection":[{"href":"https:\/\/enseigner-maths-dnl.espe-bretagne.fr\/index.php?rest_route=\/wp\/v2\/pages"}],"about":[{"href":"https:\/\/enseigner-maths-dnl.espe-bretagne.fr\/index.php?rest_route=\/wp\/v2\/types\/page"}],"author":[{"embeddable":true,"href":"https:\/\/enseigner-maths-dnl.espe-bretagne.fr\/index.php?rest_route=\/wp\/v2\/users\/3"}],"replies":[{"embeddable":true,"href":"https:\/\/enseigner-maths-dnl.espe-bretagne.fr\/index.php?rest_route=%2Fwp%2Fv2%2Fcomments&post=86"}],"version-history":[{"count":6,"href":"https:\/\/enseigner-maths-dnl.espe-bretagne.fr\/index.php?rest_route=\/wp\/v2\/pages\/86\/revisions"}],"predecessor-version":[{"id":645,"href":"https:\/\/enseigner-maths-dnl.espe-bretagne.fr\/index.php?rest_route=\/wp\/v2\/pages\/86\/revisions\/645"}],"up":[{"embeddable":true,"href":"https:\/\/enseigner-maths-dnl.espe-bretagne.fr\/index.php?rest_route=\/wp\/v2\/pages\/20"}],"wp:attachment":[{"href":"https:\/\/enseigner-maths-dnl.espe-bretagne.fr\/index.php?rest_route=%2Fwp%2Fv2%2Fmedia&parent=86"}],"curies":[{"name":"wp","href":"https:\/\/api.w.org\/{rel}","templated":true}]}}