{"id":88,"date":"2013-02-22T18:16:46","date_gmt":"2013-02-22T18:16:46","guid":{"rendered":"http:\/\/python.bretagne.iufm.fr\/enseigner-maths-dnl\/?page_id=88"},"modified":"2019-06-19T09:52:02","modified_gmt":"2019-06-19T09:52:02","slug":"quick-recap","status":"publish","type":"page","link":"https:\/\/enseigner-maths-dnl.espe-bretagne.fr\/?page_id=88","title":{"rendered":"Quick recap"},"content":{"rendered":"<p>&nbsp;<\/p>\n<table border=\"2\" cellspacing=\"0\" cellpadding=\"2\">\n<tbody>\n<tr>\n<td align=\"center\">Objectifs<\/td>\n<td>\n<ul>\n<li>Permettre l&#8217;expression orale des \u00e9l\u00e8ves d\u00e8s les cinq premi\u00e8res minutes de cours<\/li>\n<li>Travail de m\u00e9moire et de reformulation<\/li>\n<\/ul>\n<\/td>\n<\/tr>\n<tr>\n<td align=\"center\" width=\"25%\">Pr\u00e9-requis<\/td>\n<td>\n<ul>\n<li>Avoir bien \u00e9cout\u00e9 au cours pr\u00e9c\u00e9dent et avoir pris le temps de revoir ce dernier cours !<\/li>\n<\/ul>\n<\/td>\n<\/tr>\n<tr>\n<td align=\"center\">Niveau(x)<\/td>\n<td>\n<ul>\n<li>Tout niveau<\/li>\n<\/ul>\n<\/td>\n<\/tr>\n<tr>\n<td align=\"center\">Dur\u00e9e<\/td>\n<td>\n<ul>\n<li>Environ 4-5 min<\/li>\n<\/ul>\n<\/td>\n<\/tr>\n<\/tbody>\n<\/table>\n<p><a href=\".\/wp-content\/uploads\/2013\/05\/QuickRecapFicheDeJeu.pdf\">Fiche descriptive<\/a><a href=\"http:\/\/python.espe-bretagne.fr\/enseigner-maths-dnl\/wp-content\/uploads\/2013\/02\/quick-recap.png\"><img loading=\"lazy\" decoding=\"async\" class=\"aligncenter size-full wp-image-563\" alt=\"quick-recap\" src=\"http:\/\/python.espe-bretagne.fr\/enseigner-maths-dnl\/wp-content\/uploads\/2013\/02\/quick-recap.png\" width=\"202\" height=\"164\"><\/a><\/p>\n","protected":false},"excerpt":{"rendered":"<p>&nbsp; Objectifs Permettre l&#8217;expression orale des \u00e9l\u00e8ves d\u00e8s les cinq premi\u00e8res minutes de cours Travail de m\u00e9moire et de reformulation Pr\u00e9-requis Avoir bien \u00e9cout\u00e9 au cours pr\u00e9c\u00e9dent et avoir pris le temps de revoir ce dernier cours ! Niveau(x) Tout niveau Dur\u00e9e Environ 4-5 min Fiche descriptive<\/p>\n","protected":false},"author":3,"featured_media":0,"parent":20,"menu_order":0,"comment_status":"closed","ping_status":"open","template":"onecolumn-page.php","meta":{"footnotes":""},"class_list":["post-88","page","type-page","status-publish","hentry"],"_links":{"self":[{"href":"https:\/\/enseigner-maths-dnl.espe-bretagne.fr\/index.php?rest_route=\/wp\/v2\/pages\/88","targetHints":{"allow":["GET"]}}],"collection":[{"href":"https:\/\/enseigner-maths-dnl.espe-bretagne.fr\/index.php?rest_route=\/wp\/v2\/pages"}],"about":[{"href":"https:\/\/enseigner-maths-dnl.espe-bretagne.fr\/index.php?rest_route=\/wp\/v2\/types\/page"}],"author":[{"embeddable":true,"href":"https:\/\/enseigner-maths-dnl.espe-bretagne.fr\/index.php?rest_route=\/wp\/v2\/users\/3"}],"replies":[{"embeddable":true,"href":"https:\/\/enseigner-maths-dnl.espe-bretagne.fr\/index.php?rest_route=%2Fwp%2Fv2%2Fcomments&post=88"}],"version-history":[{"count":8,"href":"https:\/\/enseigner-maths-dnl.espe-bretagne.fr\/index.php?rest_route=\/wp\/v2\/pages\/88\/revisions"}],"predecessor-version":[{"id":812,"href":"https:\/\/enseigner-maths-dnl.espe-bretagne.fr\/index.php?rest_route=\/wp\/v2\/pages\/88\/revisions\/812"}],"up":[{"embeddable":true,"href":"https:\/\/enseigner-maths-dnl.espe-bretagne.fr\/index.php?rest_route=\/wp\/v2\/pages\/20"}],"wp:attachment":[{"href":"https:\/\/enseigner-maths-dnl.espe-bretagne.fr\/index.php?rest_route=%2Fwp%2Fv2%2Fmedia&parent=88"}],"curies":[{"name":"wp","href":"https:\/\/api.w.org\/{rel}","templated":true}]}}