{"id":92,"date":"2013-02-22T18:17:36","date_gmt":"2013-02-22T18:17:36","guid":{"rendered":"http:\/\/python.bretagne.iufm.fr\/enseigner-maths-dnl\/?page_id=92"},"modified":"2019-06-19T09:52:16","modified_gmt":"2019-06-19T09:52:16","slug":"wariol","status":"publish","type":"page","link":"https:\/\/enseigner-maths-dnl.espe-bretagne.fr\/?page_id=92","title":{"rendered":"Wariol"},"content":{"rendered":"<p style=\"text-align: center;\"><strong><br \/>\nWrite And Read It Out Loud<\/strong><\/p>\n<table border=\"2\" cellspacing=\"0\" cellpadding=\"2\">\n<tbody>\n<tr>\n<td align=\"center\">Objectifs<\/td>\n<td>\n<ul>\n<li>R\u00e9viser rapidement en d\u00e9but d&#8217;heure les formules ou expressions utilis\u00e9es dans le cours pr\u00e9c\u00e9dent.<\/li>\n<li>Exercice de phon\u00e9tique<\/li>\n<\/ul>\n<\/td>\n<\/tr>\n<tr>\n<td align=\"center\" width=\"25%\">Pr\u00e9-requis<\/td>\n<td>\n<ul>\n<li>Avoir bien \u00e9cout\u00e9 au cours pr\u00e9c\u00e9dent !<\/li>\n<\/ul>\n<\/td>\n<\/tr>\n<tr>\n<td align=\"center\">Niveau(x)<\/td>\n<td>\n<ul>\n<li>Tout niveau<\/li>\n<\/ul>\n<\/td>\n<\/tr>\n<tr>\n<td align=\"center\">Dur\u00e9e<\/td>\n<td>\n<ul>\n<li>Environ 5-8 min<\/li>\n<\/ul>\n<\/td>\n<\/tr>\n<\/tbody>\n<\/table>\n<p style=\"text-align: left;\"><a href=\".\/wp-content\/uploads\/2013\/02\/Fiche-descriptive-WARIOL.pdf\">Fiche descriptive<\/a><a href=\"http:\/\/python.espe-bretagne.fr\/enseigner-maths-dnl\/wp-content\/uploads\/2013\/02\/wariol.png\"><img loading=\"lazy\" decoding=\"async\" class=\"aligncenter  wp-image-565\" alt=\"wariol\" src=\"http:\/\/python.espe-bretagne.fr\/enseigner-maths-dnl\/wp-content\/uploads\/2013\/02\/wariol-294x300.png\" width=\"235\" height=\"240\" srcset=\"https:\/\/enseigner-maths-dnl.espe-bretagne.fr\/wp-content\/uploads\/2013\/02\/wariol-294x300.png 294w, https:\/\/enseigner-maths-dnl.espe-bretagne.fr\/wp-content\/uploads\/2013\/02\/wariol.png 306w\" sizes=\"auto, (max-width: 235px) 100vw, 235px\" \/><\/a><\/p>\n","protected":false},"excerpt":{"rendered":"<p>Write And Read It Out Loud Objectifs R\u00e9viser rapidement en d\u00e9but d&#8217;heure les formules ou expressions utilis\u00e9es dans le cours pr\u00e9c\u00e9dent. Exercice de phon\u00e9tique Pr\u00e9-requis Avoir bien \u00e9cout\u00e9 au cours pr\u00e9c\u00e9dent ! Niveau(x) Tout niveau Dur\u00e9e Environ 5-8 min Fiche descriptive<\/p>\n","protected":false},"author":3,"featured_media":0,"parent":20,"menu_order":0,"comment_status":"closed","ping_status":"open","template":"onecolumn-page.php","meta":{"footnotes":""},"class_list":["post-92","page","type-page","status-publish","hentry"],"_links":{"self":[{"href":"https:\/\/enseigner-maths-dnl.espe-bretagne.fr\/index.php?rest_route=\/wp\/v2\/pages\/92","targetHints":{"allow":["GET"]}}],"collection":[{"href":"https:\/\/enseigner-maths-dnl.espe-bretagne.fr\/index.php?rest_route=\/wp\/v2\/pages"}],"about":[{"href":"https:\/\/enseigner-maths-dnl.espe-bretagne.fr\/index.php?rest_route=\/wp\/v2\/types\/page"}],"author":[{"embeddable":true,"href":"https:\/\/enseigner-maths-dnl.espe-bretagne.fr\/index.php?rest_route=\/wp\/v2\/users\/3"}],"replies":[{"embeddable":true,"href":"https:\/\/enseigner-maths-dnl.espe-bretagne.fr\/index.php?rest_route=%2Fwp%2Fv2%2Fcomments&post=92"}],"version-history":[{"count":8,"href":"https:\/\/enseigner-maths-dnl.espe-bretagne.fr\/index.php?rest_route=\/wp\/v2\/pages\/92\/revisions"}],"predecessor-version":[{"id":813,"href":"https:\/\/enseigner-maths-dnl.espe-bretagne.fr\/index.php?rest_route=\/wp\/v2\/pages\/92\/revisions\/813"}],"up":[{"embeddable":true,"href":"https:\/\/enseigner-maths-dnl.espe-bretagne.fr\/index.php?rest_route=\/wp\/v2\/pages\/20"}],"wp:attachment":[{"href":"https:\/\/enseigner-maths-dnl.espe-bretagne.fr\/index.php?rest_route=%2Fwp%2Fv2%2Fmedia&parent=92"}],"curies":[{"name":"wp","href":"https:\/\/api.w.org\/{rel}","templated":true}]}}