{"id":98,"date":"2013-02-22T18:19:01","date_gmt":"2013-02-22T18:19:01","guid":{"rendered":"http:\/\/python.bretagne.iufm.fr\/enseigner-maths-dnl\/?page_id=98"},"modified":"2019-06-19T09:49:15","modified_gmt":"2019-06-19T09:49:15","slug":"calculus-and-pizza","status":"publish","type":"page","link":"https:\/\/enseigner-maths-dnl.espe-bretagne.fr\/?page_id=98","title":{"rendered":"Calculus and pizza"},"content":{"rendered":"<table border=\"2\" cellspacing=\"0\" cellpadding=\"2\">\n<tbody>\n<tr>\n<td align=\"center\" width=\"25%\">Objectifs<\/td>\n<td>\n<ul>\n<li>Faire le lien entre les math\u00e9matiques et la physique&nbsp;: notion de d\u00e9riv\u00e9e et de vitesse.<\/li>\n<li>Revoir les formules de d\u00e9rivation<\/li>\n<li>D\u00e9couvrir l&#8217;approche anglaise de la d\u00e9rivation par la notion de \u00ab&nbsp;rate of change&nbsp;\u00bb.<\/li>\n<li>Travailler le vocabulaire en anglais li\u00e9 \u00e0 la notion de d\u00e9rivation.<\/li>\n<li>Travailler en groupe et \u00eatre capable de restituer des connaissances pour en faire une synth\u00e8se.<\/li>\n<\/ul>\n<\/td>\n<\/tr>\n<tr>\n<td align=\"center\">Pr\u00e9-requis<\/td>\n<td>\n<ul>\n<li>D\u00e9rivation<\/li>\n<\/ul>\n<\/td>\n<\/tr>\n<tr>\n<td align=\"center\">Niveau(x)<\/td>\n<td>\n<ul>\n<li>Terminale<\/li>\n<\/ul>\n<\/td>\n<\/tr>\n<tr>\n<td align=\"center\">Dur\u00e9e<\/td>\n<td>\n<ul>\n<li>3 h<\/li>\n<\/ul>\n<\/td>\n<\/tr>\n<\/tbody>\n<\/table>\n<p><a href=\".\/wp-content\/uploads\/2013\/04\/calculus_and_pizza_FicheDuJeu.pdf\">Fiche descriptive<\/a>&nbsp;<a href=\"http:\/\/python.espe-bretagne.fr\/enseigner-maths-dnl\/wp-content\/uploads\/2013\/02\/alculus_pizza.png\"><img loading=\"lazy\" decoding=\"async\" class=\"aligncenter size-full wp-image-571\" alt=\"alculus_pizza\" src=\"http:\/\/python.espe-bretagne.fr\/enseigner-maths-dnl\/wp-content\/uploads\/2013\/02\/alculus_pizza.png\" width=\"160\" height=\"217\"><\/a><\/p>\n","protected":false},"excerpt":{"rendered":"<p>Objectifs Faire le lien entre les math\u00e9matiques et la physique&nbsp;: notion de d\u00e9riv\u00e9e et de vitesse. Revoir les formules de d\u00e9rivation D\u00e9couvrir l&#8217;approche anglaise de la d\u00e9rivation par la notion de \u00ab&nbsp;rate of change&nbsp;\u00bb. Travailler le vocabulaire en anglais li\u00e9 \u00e0 la notion de d\u00e9rivation. Travailler en groupe et \u00eatre capable de restituer des connaissances &hellip; <\/p>\n<p class=\"link-more\"><a href=\"https:\/\/enseigner-maths-dnl.espe-bretagne.fr\/?page_id=98\" class=\"more-link\">Continue reading<span class=\"screen-reader-text\"> &#8220;Calculus and pizza&#8221;<\/span><\/a><\/p>\n","protected":false},"author":3,"featured_media":0,"parent":42,"menu_order":0,"comment_status":"closed","ping_status":"open","template":"onecolumn-page.php","meta":{"footnotes":""},"class_list":["post-98","page","type-page","status-publish","hentry"],"_links":{"self":[{"href":"https:\/\/enseigner-maths-dnl.espe-bretagne.fr\/index.php?rest_route=\/wp\/v2\/pages\/98","targetHints":{"allow":["GET"]}}],"collection":[{"href":"https:\/\/enseigner-maths-dnl.espe-bretagne.fr\/index.php?rest_route=\/wp\/v2\/pages"}],"about":[{"href":"https:\/\/enseigner-maths-dnl.espe-bretagne.fr\/index.php?rest_route=\/wp\/v2\/types\/page"}],"author":[{"embeddable":true,"href":"https:\/\/enseigner-maths-dnl.espe-bretagne.fr\/index.php?rest_route=\/wp\/v2\/users\/3"}],"replies":[{"embeddable":true,"href":"https:\/\/enseigner-maths-dnl.espe-bretagne.fr\/index.php?rest_route=%2Fwp%2Fv2%2Fcomments&post=98"}],"version-history":[{"count":8,"href":"https:\/\/enseigner-maths-dnl.espe-bretagne.fr\/index.php?rest_route=\/wp\/v2\/pages\/98\/revisions"}],"predecessor-version":[{"id":807,"href":"https:\/\/enseigner-maths-dnl.espe-bretagne.fr\/index.php?rest_route=\/wp\/v2\/pages\/98\/revisions\/807"}],"up":[{"embeddable":true,"href":"https:\/\/enseigner-maths-dnl.espe-bretagne.fr\/index.php?rest_route=\/wp\/v2\/pages\/42"}],"wp:attachment":[{"href":"https:\/\/enseigner-maths-dnl.espe-bretagne.fr\/index.php?rest_route=%2Fwp%2Fv2%2Fmedia&parent=98"}],"curies":[{"name":"wp","href":"https:\/\/api.w.org\/{rel}","templated":true}]}}